{"id":1549,"date":"2018-09-18T09:02:45","date_gmt":"2018-09-18T09:02:45","guid":{"rendered":"https:\/\/panova-architect.com\/about\/"},"modified":"2023-12-22T15:01:05","modified_gmt":"2023-12-22T15:01:05","slug":"about","status":"publish","type":"page","link":"https:\/\/panova-architect.com\/de\/about\/","title":{"rendered":"\u00dcber mich"},"content":{"rendered":"<div data-elementor-type=\"wp-post\" data-elementor-id=\"1549\" class=\"elementor elementor-1549\" data-elementor-post-type=\"page\">\n\t\t\t\t<div class=\"elementor-element elementor-element-dc51d6c e-flex e-con-boxed e-con e-parent\" data-id=\"dc51d6c\" data-element_type=\"container\" data-settings=\"{&quot;background_background&quot;:&quot;classic&quot;}\">\n\t\t\t\t\t<div class=\"e-con-inner\">\n\t\t<div class=\"elementor-element elementor-element-9741626 e-con-full e-flex e-con e-child\" data-id=\"9741626\" data-element_type=\"container\">\n\t\t\t\t<div class=\"elementor-element elementor-element-2269cad elementor-widget elementor-widget-heading\" data-id=\"2269cad\" data-element_type=\"widget\" data-widget_type=\"heading.default\">\n\t\t\t\t<div class=\"elementor-widget-container\">\n\t\t\t<style>\/*! elementor - v3.22.0 - 26-06-2024 *\/\n.elementor-heading-title{padding:0;margin:0;line-height:1}.elementor-widget-heading .elementor-heading-title[class*=elementor-size-]>a{color:inherit;font-size:inherit;line-height:inherit}.elementor-widget-heading .elementor-heading-title.elementor-size-small{font-size:15px}.elementor-widget-heading .elementor-heading-title.elementor-size-medium{font-size:19px}.elementor-widget-heading .elementor-heading-title.elementor-size-large{font-size:29px}.elementor-widget-heading .elementor-heading-title.elementor-size-xl{font-size:39px}.elementor-widget-heading .elementor-heading-title.elementor-size-xxl{font-size:59px}<\/style><h1 class=\"elementor-heading-title elementor-size-default\">\u00dcber mich<\/h1>\t\t<\/div>\n\t\t\t\t<\/div>\n\t\t\t\t<div class=\"elementor-element elementor-element-3df39f1 elementor-widget elementor-widget-text-editor\" data-id=\"3df39f1\" data-element_type=\"widget\" data-widget_type=\"text-editor.default\">\n\t\t\t\t<div class=\"elementor-widget-container\">\n\t\t\t<style>\/*! elementor - v3.22.0 - 26-06-2024 *\/\n.elementor-widget-text-editor.elementor-drop-cap-view-stacked .elementor-drop-cap{background-color:#69727d;color:#fff}.elementor-widget-text-editor.elementor-drop-cap-view-framed .elementor-drop-cap{color:#69727d;border:3px solid;background-color:transparent}.elementor-widget-text-editor:not(.elementor-drop-cap-view-default) .elementor-drop-cap{margin-top:8px}.elementor-widget-text-editor:not(.elementor-drop-cap-view-default) .elementor-drop-cap-letter{width:1em;height:1em}.elementor-widget-text-editor .elementor-drop-cap{float:left;text-align:center;line-height:1;font-size:50px}.elementor-widget-text-editor .elementor-drop-cap-letter{display:inline-block}<\/style>\t\t\t\t<p>\"Ihr Interieur - Dies <br \/>ist eine Geschichte \u00fcber Sie,<br \/>Und ich werde Ihnen helfen, sie zu erz\u00e4hlen\"<\/p>\t\t\t\t\t\t<\/div>\n\t\t\t\t<\/div>\n\t\t\t\t<\/div>\n\t\t\t\t\t<\/div>\n\t\t\t\t<\/div>\n\t\t<div class=\"elementor-element elementor-element-4617682 e-flex e-con-boxed e-con e-parent\" data-id=\"4617682\" data-element_type=\"container\" data-settings=\"{&quot;background_background&quot;:&quot;classic&quot;}\">\n\t\t\t\t\t<div class=\"e-con-inner\">\n\t\t<div class=\"elementor-element elementor-element-72d9c1a e-con-full e-flex e-con e-child\" data-id=\"72d9c1a\" data-element_type=\"container\">\n\t\t<div class=\"elementor-element elementor-element-e064407 e-flex e-con-boxed e-con e-child\" data-id=\"e064407\" data-element_type=\"container\">\n\t\t\t\t\t<div class=\"e-con-inner\">\n\t\t<div class=\"elementor-element elementor-element-3a97d79 e-con-full e-flex e-con e-child\" data-id=\"3a97d79\" data-element_type=\"container\">\n\t\t\t\t<div class=\"elementor-element elementor-element-130fa39 elementor-widget elementor-widget-heading\" data-id=\"130fa39\" data-element_type=\"widget\" data-widget_type=\"heading.default\">\n\t\t\t\t<div class=\"elementor-widget-container\">\n\t\t\t<h3 class=\"elementor-heading-title elementor-size-default\">Ich bin spezialisiert auf individuelles Interior Design und funktionale, komfortable Planieren <\/h3>\t\t<\/div>\n\t\t\t\t<\/div>\n\t\t\t\t<\/div>\n\t\t<div class=\"elementor-element elementor-element-4c0dc0c e-con-full e-flex e-con e-child\" data-id=\"4c0dc0c\" data-element_type=\"container\">\n\t\t\t\t<div class=\"elementor-element elementor-element-ee14ff6 elementor-widget elementor-widget-text-editor\" data-id=\"ee14ff6\" data-element_type=\"widget\" data-widget_type=\"text-editor.default\">\n\t\t\t\t<div class=\"elementor-widget-container\">\n\t\t\t\t\t\t\t<p><em><strong>Ich hei\u00dfe Masha Panova, und ich bin Innenarchitektin<\/strong><\/em>. Ich wohne in \u00d6sterreich, erstelle Design-Projekte f\u00fcr Wohnr\u00e4ume in verschiedenen L\u00e4ndern und St\u00e4dten. Dar\u00fcber hinaus helfe ich den angehenden Designern, diesen Beruf zu erlernen.<\/p><p><em><strong>In meiner T\u00e4tigkeit kommt es mir auf Ihre Individualit\u00e4t<\/strong><\/em>, Ihre W\u00fcnsche, Tr\u00e4ume, Gewohnheiten, Ihre Geschichte an. Eben diese Kenntnisse dienen mir als Grundlage f\u00fcr die Erstellung des Interieur-Konzeptes f\u00fcr Ihre Wohnfl\u00e4che, also des Raumes, der zu einem Ruhe-, Gem\u00fctlichkeits-, Komfort- und Freuden-Herd werden soll; es wird ein Raum sein, in dem Sie erschlossen werden und der von Ihnen eine vollkommene ehrliche Geschichte erz\u00e4hlen wird.<\/p><p>Hinter mir liegt ein Weg vom Abschluss eines Kunststudiums und der Fakult\u00e4t f\u00fcr <em><strong>Architektur an der Staatlichen Universit\u00e4t f\u00fcr Technologie und Design, Sankt-Petersburg<\/strong><\/em> bis zur T\u00e4tigkeit in den erfolgreichen Design-Workshops in Moskau und \u00d6sterreich.<\/p><p><em><strong>Nicht zu vergessen sind<\/strong><\/em> <em><strong>6 Jahre Besch\u00e4ftigung als Architektin in einem Architekturb\u00fcro<\/strong><\/em>, Design-Unterricht f\u00fcr Studenten in einer der f\u00fchrenden Online-Schule, Umgang mit Kunst in den Innenr\u00e4umen sowie Distanzprojektierung.<\/p><p><em><strong>Erfahrungen in der Architektur machen es mir m\u00f6glich,<\/strong><\/em> <em><strong>funktionelle und komfortable, auch noch so komplizierte, Planl\u00f6sungen zu finden<\/strong><\/em>, Zeichnungen auf hohem Niveau auszuarbeiten und mich in den allgemeinen Engineering-, Konstrukt- und Baufragen zurechtzufinden.<\/p><p><em><strong>Liebevoll, f\u00fcr Sie.<\/strong><\/em><\/p>\t\t\t\t\t\t<\/div>\n\t\t\t\t<\/div>\n\t\t\t\t<\/div>\n\t\t\t\t\t<\/div>\n\t\t\t\t<\/div>\n\t\t\t\t<\/div>\n\t\t\t\t\t<\/div>\n\t\t\t\t<\/div>\n\t\t<div class=\"elementor-element elementor-element-22921f1 e-flex e-con-boxed e-con e-parent\" data-id=\"22921f1\" data-element_type=\"container\">\n\t\t\t\t\t<div class=\"e-con-inner\">\n\t\t\t\t\t<\/div>\n\t\t\t\t<\/div>\n\t\t\t\t<\/div>","protected":false},"excerpt":{"rendered":"<p>About Me &#8220;Your interior design is a story about you,and I will help you to tell this story&#8221; I&#8217;m Specialized in The Individual Interior Design &amp; Functional, Comfortable Layouts My name is Masha Panova, and I am an interior designer. I live in Austria and I create and implement residential space design projects in various &hellip;<\/p>\n<p class=\"read-more\"> <a class=\"\" href=\"https:\/\/panova-architect.com\/de\/about\/\"> <span class=\"screen-reader-text\">\u00dcber mich<\/span> Weiterlesen &raquo;<\/a><\/p>","protected":false},"author":1,"featured_media":0,"parent":0,"menu_order":0,"comment_status":"closed","ping_status":"closed","template":"","meta":{"om_disable_all_campaigns":false,"_monsterinsights_skip_tracking":false,"_monsterinsights_sitenote_active":false,"_monsterinsights_sitenote_note":"","_monsterinsights_sitenote_category":0,"_uf_show_specific_survey":0,"_uf_disable_surveys":false,"site-sidebar-layout":"no-sidebar","site-content-layout":"page-builder","ast-site-content-layout":"","site-content-style":"default","site-sidebar-style":"default","ast-global-header-display":"","ast-banner-title-visibility":"","ast-main-header-display":"","ast-hfb-above-header-display":"","ast-hfb-below-header-display":"","ast-hfb-mobile-header-display":"","site-post-title":"disabled","ast-breadcrumbs-content":"","ast-featured-img":"disabled","footer-sml-layout":"","theme-transparent-header-meta":"enabled","adv-header-id-meta":"","stick-header-meta":"","header-above-stick-meta":"","header-main-stick-meta":"","header-below-stick-meta":"","astra-migrate-meta-layouts":"","ast-page-background-enabled":"default","ast-page-background-meta":{"desktop":{"background-color":"","background-image":"","background-repeat":"repeat","background-position":"center center","background-size":"auto","background-attachment":"scroll","background-type":"","background-media":"","overlay-type":"","overlay-color":"","overlay-gradient":""},"tablet":{"background-color":"","background-image":"","background-repeat":"repeat","background-position":"center center","background-size":"auto","background-attachment":"scroll","background-type":"","background-media":"","overlay-type":"","overlay-color":"","overlay-gradient":""},"mobile":{"background-color":"","background-image":"","background-repeat":"repeat","background-position":"center center","background-size":"auto","background-attachment":"scroll","background-type":"","background-media":"","overlay-type":"","overlay-color":"","overlay-gradient":""}},"ast-content-background-meta":{"desktop":{"background-color":"var(--ast-global-color-5)","background-image":"","background-repeat":"repeat","background-position":"center center","background-size":"auto","background-attachment":"scroll","background-type":"","background-media":"","overlay-type":"","overlay-color":"","overlay-gradient":""},"tablet":{"background-color":"var(--ast-global-color-5)","background-image":"","background-repeat":"repeat","background-position":"center center","background-size":"auto","background-attachment":"scroll","background-type":"","background-media":"","overlay-type":"","overlay-color":"","overlay-gradient":""},"mobile":{"background-color":"var(--ast-global-color-5)","background-image":"","background-repeat":"repeat","background-position":"center center","background-size":"auto","background-attachment":"scroll","background-type":"","background-media":"","overlay-type":"","overlay-color":"","overlay-gradient":""}},"_themeisle_gutenberg_block_has_review":false,"footnotes":""},"aioseo_notices":[],"_links":{"self":[{"href":"https:\/\/panova-architect.com\/de\/wp-json\/wp\/v2\/pages\/1549"}],"collection":[{"href":"https:\/\/panova-architect.com\/de\/wp-json\/wp\/v2\/pages"}],"about":[{"href":"https:\/\/panova-architect.com\/de\/wp-json\/wp\/v2\/types\/page"}],"author":[{"embeddable":true,"href":"https:\/\/panova-architect.com\/de\/wp-json\/wp\/v2\/users\/1"}],"replies":[{"embeddable":true,"href":"https:\/\/panova-architect.com\/de\/wp-json\/wp\/v2\/comments?post=1549"}],"version-history":[{"count":13,"href":"https:\/\/panova-architect.com\/de\/wp-json\/wp\/v2\/pages\/1549\/revisions"}],"predecessor-version":[{"id":1955,"href":"https:\/\/panova-architect.com\/de\/wp-json\/wp\/v2\/pages\/1549\/revisions\/1955"}],"wp:attachment":[{"href":"https:\/\/panova-architect.com\/de\/wp-json\/wp\/v2\/media?parent=1549"}],"curies":[{"name":"wp","href":"https:\/\/api.w.org\/{rel}","templated":true}]}}